{"id":2,"date":"2015-09-02T15:55:40","date_gmt":"2015-09-02T15:55:40","guid":{"rendered":"http:\/\/www.color3arte.com\/fineart\/?page_id=2"},"modified":"2021-11-21T08:42:19","modified_gmt":"2021-11-21T08:42:19","slug":"pagina-ejemplo","status":"publish","type":"page","link":"http:\/\/www.color3arte.com\/fineart\/pagina-ejemplo\/","title":{"rendered":"Inicio"},"content":{"rendered":"<p>[et_pb_section fb_built=\u00bb1&#8243; _builder_version=\u00bb4.10.7&#8243; _module_preset=\u00bbdefault\u00bb background_color=\u00bb#000000&#8243; global_colors_info=\u00bb{}\u00bb][et_pb_row column_structure=\u00bb1_3,1_3,1_3&#8243; _builder_version=\u00bb4.10.7&#8243; _module_preset=\u00bbdefault\u00bb global_colors_info=\u00bb{}\u00bb][et_pb_column type=\u00bb1_3&#8243; _builder_version=\u00bb4.10.7&#8243; _module_preset=\u00bbdefault\u00bb global_colors_info=\u00bb{}\u00bb][et_pb_blurb title=\u00bbCinematograf\u00eda.\u00bb url=\u00bbhttps:\/\/www.imdb.com\/name\/nm1868525\/\u00bb use_icon=\u00bbon\u00bb font_icon=\u00bb%%307%%\u00bb icon_color=\u00bb#ffffff\u00bb use_circle=\u00bbon\u00bb use_icon_font_size=\u00bbon\u00bb icon_font_size=\u00bb40px\u00bb admin_label=\u00bbBlurb\u00bb _builder_version=\u00bb3.2&#8243; header_font=\u00bb|on|||\u00bb header_font_size=\u00bb20px\u00bb body_font=\u00bb||||\u00bb body_line_height=\u00bb1.4em\u00bb text_orientation=\u00bbcenter\u00bb background_layout=\u00bbdark\u00bb custom_padding=\u00bb0px||0px|\u00bb custom_padding_tablet=\u00bb30px||30px|\u00bb custom_css_blurb_image=\u00bbmargin-bottom: 10px;\u00bb use_border_color=\u00bboff\u00bb global_colors_info=\u00bb{}\u00bb][\/et_pb_blurb][\/et_pb_column][et_pb_column type=\u00bb1_3&#8243; _builder_version=\u00bb4.10.7&#8243; _module_preset=\u00bbdefault\u00bb global_colors_info=\u00bb{}\u00bb][et_pb_blurb title=\u00bbFotograf\u00eda \u00bb url=\u00bb#\u00bb use_icon=\u00bbon\u00bb font_icon=\u00bb%%108%%\u00bb icon_color=\u00bb#ffffff\u00bb use_circle=\u00bbon\u00bb use_icon_font_size=\u00bbon\u00bb icon_font_size=\u00bb40px\u00bb admin_label=\u00bbBlurb\u00bb _builder_version=\u00bb3.2&#8243; header_font=\u00bb|on|||\u00bb header_font_size=\u00bb20px\u00bb body_font=\u00bb||||\u00bb body_line_height=\u00bb1.4em\u00bb text_orientation=\u00bbcenter\u00bb background_layout=\u00bbdark\u00bb custom_padding=\u00bb||0px|\u00bb custom_padding_tablet=\u00bb30px||30px|\u00bb custom_css_blurb_image=\u00bbmargin-bottom: 10px;\u00bb use_border_color=\u00bboff\u00bb global_colors_info=\u00bb{}\u00bb][\/et_pb_blurb][\/et_pb_column][et_pb_column type=\u00bb1_3&#8243; _builder_version=\u00bb4.10.7&#8243; _module_preset=\u00bbdefault\u00bb global_colors_info=\u00bb{}\u00bb][et_pb_blurb title=\u00bbColor3arte\u00bb url=\u00bbhttp:\/\/www.color3arte.com\u00bb url_new_window=\u00bbon\u00bb use_icon=\u00bbon\u00bb font_icon=\u00bb%%101%%\u00bb icon_color=\u00bb#ffffff\u00bb use_circle=\u00bbon\u00bb use_icon_font_size=\u00bbon\u00bb icon_font_size=\u00bb40px\u00bb admin_label=\u00bbBlurb\u00bb _builder_version=\u00bb3.2&#8243; header_font=\u00bb|on|||\u00bb header_font_size=\u00bb20px\u00bb body_font=\u00bb||||\u00bb body_line_height=\u00bb1.4em\u00bb text_orientation=\u00bbcenter\u00bb background_layout=\u00bbdark\u00bb custom_padding=\u00bb0px||0px|\u00bb custom_padding_tablet=\u00bb30px||30px|\u00bb custom_css_blurb_image=\u00bbmargin-bottom: 10px;\u00bb use_border_color=\u00bboff\u00bb global_colors_info=\u00bb{}\u00bb]<\/p>\n<p>&nbsp;<\/p>\n<p>&nbsp;<\/p>\n<p>[\/et_pb_blurb][\/et_pb_column][\/et_pb_row][\/et_pb_section][et_pb_section fb_built=\u00bb1&#8243; inner_shadow=\u00bbon\u00bb custom_padding_last_edited=\u00bbon|desktop\u00bb admin_label=\u00bbSection\u00bb _builder_version=\u00bb4.10.7&#8243; custom_padding_tablet=\u00bb50px|0|50px|0&#8243; custom_padding_phone=\u00bb\u00bb filter_opacity=\u00bb50%\u00bb hover_enabled=\u00bb0&#8243; box_shadow_style=\u00bbpreset6&#8243; global_colors_info=\u00bb{}\u00bb background_enable_image=\u00bboff\u00bb sticky_enabled=\u00bb0&#8243;][et_pb_row column_structure=\u00bb1_2,1_2&#8243; padding_mobile=\u00bboff\u00bb column_padding_mobile=\u00bbon\u00bb admin_label=\u00bbRow\u00bb _builder_version=\u00bb3.2&#8243; background_size=\u00bbinitial\u00bb background_position=\u00bbtop_left\u00bb background_repeat=\u00bbrepeat\u00bb global_module=\u00bb292&#8243; global_colors_info=\u00bb{}\u00bb][et_pb_column type=\u00bb1_2&#8243; _builder_version=\u00bb3.25&#8243; custom_padding=\u00bb|||\u00bb global_colors_info=\u00bb{}\u00bb custom_padding__hover=\u00bb|||\u00bb][et_pb_text admin_label=\u00bbText\u00bb _builder_version=\u00bb3.27.4&#8243; background_size=\u00bbinitial\u00bb background_position=\u00bbtop_left\u00bb background_repeat=\u00bbrepeat\u00bb background_layout=\u00bbdark\u00bb use_border_color=\u00bboff\u00bb global_colors_info=\u00bb{}\u00bb]<\/p>\n<h1>Cont\u00e1ctame<\/h1>\n<p>\u00a0<\/p>\n<p>Direcci\u00f3n de fotografia, reportajes, publicidad, producto, viajes fotografia inmersiva de 360\u00ba, impresi\u00f3n fotogr\u00e1fica, series certificadas y reproducci\u00f3n de arte.<\/p>\n<p>\u00a0<\/p>\n<p>[\/et_pb_text][et_pb_social_media_follow admin_label=\u00bbSocial Media Follow\u00bb _builder_version=\u00bb3.0.87&#8243; background_layout=\u00bbdark\u00bb border_radii=\u00bbon|100%|100%|100%|100%\u00bb link_shape=\u00bbcircle\u00bb global_colors_info=\u00bb{}\u00bb][et_pb_social_media_follow_network social_network=\u00bbfacebook\u00bb _builder_version=\u00bb3.0.47&#8243; background_color=\u00bb#3b5998&#8243; bg_color=\u00bb#3b5998&#8243; global_colors_info=\u00bb{}\u00bb link_shape=\u00bbcircle\u00bb follow_button=\u00bboff\u00bb url_new_window=\u00bbon\u00bb]facebook[\/et_pb_social_media_follow_network][et_pb_social_media_follow_network social_network=\u00bbtwitter\u00bb _builder_version=\u00bb3.0.47&#8243; background_color=\u00bb#00aced\u00bb bg_color=\u00bb#00aced\u00bb global_colors_info=\u00bb{}\u00bb link_shape=\u00bbcircle\u00bb follow_button=\u00bboff\u00bb url_new_window=\u00bbon\u00bb]Twitter[\/et_pb_social_media_follow_network][et_pb_social_media_follow_network social_network=\u00bbgoogle-plus\u00bb _builder_version=\u00bb3.0.47&#8243; background_color=\u00bb#dd4b39&#8243; bg_color=\u00bb#dd4b39&#8243; global_colors_info=\u00bb{}\u00bb link_shape=\u00bbcircle\u00bb follow_button=\u00bboff\u00bb url_new_window=\u00bbon\u00bb]Google+[\/et_pb_social_media_follow_network][et_pb_social_media_follow_network social_network=\u00bbpinterest\u00bb _builder_version=\u00bb3.0.47&#8243; background_color=\u00bb#cb2027&#8243; bg_color=\u00bb#cb2027&#8243; global_colors_info=\u00bb{}\u00bb link_shape=\u00bbcircle\u00bb follow_button=\u00bboff\u00bb url_new_window=\u00bbon\u00bb]Pinterest[\/et_pb_social_media_follow_network][\/et_pb_social_media_follow][et_pb_image src=\u00bbhttp:\/\/www.color3arte.com\/fineart\/wp-content\/uploads\/2018\/05\/Sin-t\u00edtulo-1.png\u00bb align_tablet=\u00bbcenter\u00bb align_last_edited=\u00bbon|desktop\u00bb _builder_version=\u00bb3.23&#8243; global_colors_info=\u00bb{}\u00bb]<\/p>\n<p>\u00a0<\/p>\n<p>[\/et_pb_image][et_pb_image src=\u00bbhttp:\/\/www.color3arte.com\/fineart\/wp-content\/uploads\/2018\/05\/360.png\u00bb align_tablet=\u00bbcenter\u00bb align_last_edited=\u00bbon|desktop\u00bb _builder_version=\u00bb3.23&#8243; global_colors_info=\u00bb{}\u00bb]<\/p>\n<p>\u00a0<\/p>\n<p>[\/et_pb_image][\/et_pb_column][et_pb_column type=\u00bb1_2&#8243; _builder_version=\u00bb3.25&#8243; custom_padding=\u00bb|||\u00bb global_colors_info=\u00bb{}\u00bb custom_padding__hover=\u00bb|||\u00bb][et_pb_contact_form captcha=\u00bboff\u00bb email=\u00bbcorreo@juanlamata.com\u00bb title=\u00bbRellena el formulario y te contestare a la mayor brevedad posible.\u00bb success_message=\u00bbEnviado con exito. Gracias.\u00bb submit_button_text=\u00bbEnviar\u00bb admin_label=\u00bbContact Form\u00bb module_id=\u00bbet_pb_contact_form_0&#8243; _builder_version=\u00bb3.2&#8243; form_field_text_color=\u00bb#ffffff\u00bb title_font=\u00bb|on|||\u00bb title_text_color=\u00bb#ffffff\u00bb custom_button=\u00bbon\u00bb button_text_size=\u00bb15&#8243; button_text_color=\u00bb#f44336&#8243; button_bg_color=\u00bbrgba(0,0,0,0)\u00bb button_border_color=\u00bb#f44336&#8243; button_border_radius=\u00bb0&#8243; button_use_icon=\u00bboff\u00bb border_radii=\u00bbon|0px|0px|0px|0px\u00bb box_shadow_style=\u00bbpreset6&#8243; use_border_color=\u00bboff\u00bb global_colors_info=\u00bb{}\u00bb button_text_color_hover=\u00bb#ffffff\u00bb button_bg_color_hover=\u00bb#f44336&#8243; button_border_radius_hover=\u00bb0&#8243; button_letter_spacing_hover=\u00bb2&#8243;][et_pb_contact_field field_id=\u00bbNombre\u00bb field_title=\u00bbNombre\u00bb _builder_version=\u00bb3.16&#8243; form_field_text_color=\u00bb#000000&#8243; border_radii=\u00bb0&#8243; global_colors_info=\u00bb{}\u00bb button_text_size__hover_enabled=\u00bboff\u00bb button_one_text_size__hover_enabled=\u00bboff\u00bb button_two_text_size__hover_enabled=\u00bboff\u00bb button_text_color__hover_enabled=\u00bboff\u00bb button_one_text_color__hover_enabled=\u00bboff\u00bb button_two_text_color__hover_enabled=\u00bboff\u00bb button_border_width__hover_enabled=\u00bboff\u00bb button_one_border_width__hover_enabled=\u00bboff\u00bb button_two_border_width__hover_enabled=\u00bboff\u00bb button_border_color__hover_enabled=\u00bboff\u00bb button_one_border_color__hover_enabled=\u00bboff\u00bb button_two_border_color__hover_enabled=\u00bboff\u00bb button_border_radius__hover_enabled=\u00bboff\u00bb button_one_border_radius__hover_enabled=\u00bboff\u00bb button_two_border_radius__hover_enabled=\u00bboff\u00bb button_letter_spacing__hover_enabled=\u00bboff\u00bb button_one_letter_spacing__hover_enabled=\u00bboff\u00bb button_two_letter_spacing__hover_enabled=\u00bboff\u00bb button_bg_color__hover_enabled=\u00bboff\u00bb button_one_bg_color__hover_enabled=\u00bboff\u00bb button_two_bg_color__hover_enabled=\u00bboff\u00bb][\/et_pb_contact_field][et_pb_contact_field field_id=\u00bbCorreo\u00bb field_title=\u00bbCorreo\u00bb field_type=\u00bbemail\u00bb _builder_version=\u00bb3.16&#8243; form_field_text_color=\u00bb#000000&#8243; border_radii=\u00bb0&#8243; global_colors_info=\u00bb{}\u00bb button_text_size__hover_enabled=\u00bboff\u00bb button_one_text_size__hover_enabled=\u00bboff\u00bb button_two_text_size__hover_enabled=\u00bboff\u00bb button_text_color__hover_enabled=\u00bboff\u00bb button_one_text_color__hover_enabled=\u00bboff\u00bb button_two_text_color__hover_enabled=\u00bboff\u00bb button_border_width__hover_enabled=\u00bboff\u00bb button_one_border_width__hover_enabled=\u00bboff\u00bb button_two_border_width__hover_enabled=\u00bboff\u00bb button_border_color__hover_enabled=\u00bboff\u00bb button_one_border_color__hover_enabled=\u00bboff\u00bb button_two_border_color__hover_enabled=\u00bboff\u00bb button_border_radius__hover_enabled=\u00bboff\u00bb button_one_border_radius__hover_enabled=\u00bboff\u00bb button_two_border_radius__hover_enabled=\u00bboff\u00bb button_letter_spacing__hover_enabled=\u00bboff\u00bb button_one_letter_spacing__hover_enabled=\u00bboff\u00bb button_two_letter_spacing__hover_enabled=\u00bboff\u00bb button_bg_color__hover_enabled=\u00bboff\u00bb button_one_bg_color__hover_enabled=\u00bboff\u00bb button_two_bg_color__hover_enabled=\u00bboff\u00bb][\/et_pb_contact_field][et_pb_contact_field field_id=\u00bbMensaje\u00bb field_title=\u00bbMensaje\u00bb field_type=\u00bbtext\u00bb fullwidth_field=\u00bbon\u00bb _builder_version=\u00bb3.16&#8243; form_field_text_color=\u00bb#000000&#8243; border_radii=\u00bb0&#8243; global_colors_info=\u00bb{}\u00bb button_text_size__hover_enabled=\u00bboff\u00bb button_one_text_size__hover_enabled=\u00bboff\u00bb button_two_text_size__hover_enabled=\u00bboff\u00bb button_text_color__hover_enabled=\u00bboff\u00bb button_one_text_color__hover_enabled=\u00bboff\u00bb button_two_text_color__hover_enabled=\u00bboff\u00bb button_border_width__hover_enabled=\u00bboff\u00bb button_one_border_width__hover_enabled=\u00bboff\u00bb button_two_border_width__hover_enabled=\u00bboff\u00bb button_border_color__hover_enabled=\u00bboff\u00bb button_one_border_color__hover_enabled=\u00bboff\u00bb button_two_border_color__hover_enabled=\u00bboff\u00bb button_border_radius__hover_enabled=\u00bboff\u00bb button_one_border_radius__hover_enabled=\u00bboff\u00bb button_two_border_radius__hover_enabled=\u00bboff\u00bb button_letter_spacing__hover_enabled=\u00bboff\u00bb button_one_letter_spacing__hover_enabled=\u00bboff\u00bb button_two_letter_spacing__hover_enabled=\u00bboff\u00bb button_bg_color__hover_enabled=\u00bboff\u00bb button_one_bg_color__hover_enabled=\u00bboff\u00bb button_two_bg_color__hover_enabled=\u00bboff\u00bb][\/et_pb_contact_field][\/et_pb_contact_form][\/et_pb_column][\/et_pb_row][\/et_pb_section]<\/p>\n","protected":false},"excerpt":{"rendered":"<p>&nbsp; &nbsp;Cont\u00e1ctame \u00a0 Direcci\u00f3n de fotografia, reportajes, publicidad, producto, viajes fotografia inmersiva de 360\u00ba, impresi\u00f3n fotogr\u00e1fica, series certificadas y reproducci\u00f3n de arte. \u00a0facebookTwitterGoogle+Pinterest\u00a0\u00a0<\/p>\n","protected":false},"author":1,"featured_media":0,"parent":0,"menu_order":0,"comment_status":"open","ping_status":"open","template":"","meta":{"_et_pb_use_builder":"on","_et_pb_old_content":"<p>Esto es una p\u00e1gina de ejemplo. Es diferente a una entrada porque permanece fija en un lugar y se mostrar\u00e1 en la navegaci\u00f3n de tu sitio (en la mayor\u00eda de los temas). La mayor\u00eda de la gente empieza con una p\u00e1gina de Acerca de, que les presenta a los potenciales visitantes del sitio. Podr\u00eda ser algo como esto:<\/p><blockquote><p>\u00a1Hola! Soy mensajero por el d\u00eda, aspirante a actor por la noche, y este es mi blog. Vivo en Madrid, tengo un perrazo llamado Duque y me gustan las pi\u00f1as coladas (y que me pille un chaparr\u00f3n)<\/p><\/blockquote><p>...o algo as\u00ed:<\/p><blockquote><p>La empresa XYZ se fund\u00f3 en 1971 y ha estado ofreciendo \"cosas\" de calidad al p\u00fablico desde entonces. Situada en Madrid, XYZ emplea a m\u00e1s de 2.000 personas y hace todo tipo de cosas sorprendentes para la comunidad de Madrid.<\/p><\/blockquote><p>Si eres nuevo en WordPress deber\u00edas ir a <a href=\"http:\/\/www.color3arte.com\/fineart\/wp-admin\/\">tu escritorio<\/a> para borrar esta p\u00e1gina y crear p\u00e1ginas nuevas con tu propio contenido. \u00a1P\u00e1salo bien!<\/p>","_et_gb_content_width":""},"_links":{"self":[{"href":"http:\/\/www.color3arte.com\/fineart\/wp-json\/wp\/v2\/pages\/2"}],"collection":[{"href":"http:\/\/www.color3arte.com\/fineart\/wp-json\/wp\/v2\/pages"}],"about":[{"href":"http:\/\/www.color3arte.com\/fineart\/wp-json\/wp\/v2\/types\/page"}],"author":[{"embeddable":true,"href":"http:\/\/www.color3arte.com\/fineart\/wp-json\/wp\/v2\/users\/1"}],"replies":[{"embeddable":true,"href":"http:\/\/www.color3arte.com\/fineart\/wp-json\/wp\/v2\/comments?post=2"}],"version-history":[{"count":76,"href":"http:\/\/www.color3arte.com\/fineart\/wp-json\/wp\/v2\/pages\/2\/revisions"}],"predecessor-version":[{"id":330,"href":"http:\/\/www.color3arte.com\/fineart\/wp-json\/wp\/v2\/pages\/2\/revisions\/330"}],"wp:attachment":[{"href":"http:\/\/www.color3arte.com\/fineart\/wp-json\/wp\/v2\/media?parent=2"}],"curies":[{"name":"wp","href":"https:\/\/api.w.org\/{rel}","templated":true}]}}